{"id":1605,"date":"2022-07-05T10:12:55","date_gmt":"2022-07-05T08:12:55","guid":{"rendered":"https:\/\/choice2b.eu\/?page_id=1605"},"modified":"2024-08-19T12:27:23","modified_gmt":"2024-08-19T10:27:23","slug":"about","status":"publish","type":"page","link":"https:\/\/choice2b.eu\/de\/about\/","title":{"rendered":"\u00dcber mich"},"content":{"rendered":"<div data-elementor-type=\"wp-page\" data-elementor-id=\"1605\" class=\"elementor elementor-1605\">\n\t\t\t\t\t\t<section class=\"elementor-section elementor-top-section elementor-element elementor-element-b752626 elementor-section-height-min-height elementor-section-boxed elementor-section-height-default elementor-section-items-middle\" data-id=\"b752626\" data-element_type=\"section\" data-e-type=\"section\" data-settings=\"{&quot;background_background&quot;:&quot;classic&quot;}\">\n\t\t\t\t\t\t\t<div class=\"elementor-background-overlay\"><\/div>\n\t\t\t\t\t\t\t<div class=\"elementor-container elementor-column-gap-default\">\n\t\t\t\t\t<div class=\"elementor-column elementor-col-100 elementor-top-column elementor-element elementor-element-2501abb\" data-id=\"2501abb\" data-element_type=\"column\" data-e-type=\"column\">\n\t\t\t<div class=\"elementor-widget-wrap elementor-element-populated\">\n\t\t\t\t\t\t<div class=\"elementor-element elementor-element-5d46e63 elementor-widget elementor-widget-heading\" data-id=\"5d46e63\" data-element_type=\"widget\" data-e-type=\"widget\" data-widget_type=\"heading.default\">\n\t\t\t\t<div class=\"elementor-widget-container\">\n\t\t\t\t\t<h1 class=\"elementor-heading-title elementor-size-default\">\u00dcber mich<\/h1>\t\t\t\t<\/div>\n\t\t\t\t<\/div>\n\t\t\t\t\t<\/div>\n\t\t<\/div>\n\t\t\t\t\t<\/div>\n\t\t<\/section>\n\t\t\t\t<section class=\"elementor-section elementor-top-section elementor-element elementor-element-b5ad67f elementor-section-boxed elementor-section-height-default elementor-section-height-default\" data-id=\"b5ad67f\" data-element_type=\"section\" data-e-type=\"section\">\n\t\t\t\t\t\t<div class=\"elementor-container elementor-column-gap-default\">\n\t\t\t\t\t<div class=\"elementor-column elementor-col-100 elementor-top-column elementor-element elementor-element-c98698f\" data-id=\"c98698f\" data-element_type=\"column\" data-e-type=\"column\">\n\t\t\t<div class=\"elementor-widget-wrap elementor-element-populated\">\n\t\t\t\t\t\t<section class=\"elementor-section elementor-inner-section elementor-element elementor-element-c479249 elementor-section-boxed elementor-section-height-default elementor-section-height-default\" data-id=\"c479249\" data-element_type=\"section\" data-e-type=\"section\">\n\t\t\t\t\t\t<div class=\"elementor-container elementor-column-gap-default\">\n\t\t\t\t\t<div class=\"elementor-column elementor-col-100 elementor-inner-column elementor-element elementor-element-5a697a2\" data-id=\"5a697a2\" data-element_type=\"column\" data-e-type=\"column\">\n\t\t\t<div class=\"elementor-widget-wrap elementor-element-populated\">\n\t\t\t\t\t\t<div class=\"elementor-element elementor-element-7aa61ad elementor-widget elementor-widget-heading\" data-id=\"7aa61ad\" data-element_type=\"widget\" data-e-type=\"widget\" data-widget_type=\"heading.default\">\n\t\t\t\t<div class=\"elementor-widget-container\">\n\t\t\t\t\t<h2 class=\"elementor-heading-title elementor-size-default\">Ich bin Moritz und ich bin hier, um zu erforschen!<\/h2>\t\t\t\t<\/div>\n\t\t\t\t<\/div>\n\t\t\t\t<div class=\"elementor-element elementor-element-6f5e9f0 elementor-arrows-position-inside elementor-pagination-position-outside elementor-widget elementor-widget-image-carousel\" data-id=\"6f5e9f0\" data-element_type=\"widget\" data-e-type=\"widget\" data-settings=\"{&quot;navigation&quot;:&quot;both&quot;,&quot;autoplay&quot;:&quot;yes&quot;,&quot;pause_on_hover&quot;:&quot;yes&quot;,&quot;pause_on_interaction&quot;:&quot;yes&quot;,&quot;autoplay_speed&quot;:5000,&quot;infinite&quot;:&quot;yes&quot;,&quot;speed&quot;:500}\" data-widget_type=\"image-carousel.default\">\n\t\t\t\t<div class=\"elementor-widget-container\">\n\t\t\t\t\t\t\t<div class=\"elementor-image-carousel-wrapper swiper\" role=\"region\" aria-roledescription=\"carousel\" aria-label=\"Image Carousel\" dir=\"ltr\">\n\t\t\t<div class=\"elementor-image-carousel swiper-wrapper\" aria-live=\"off\">\n\t\t\t\t\t\t\t\t<div class=\"swiper-slide\" role=\"group\" aria-roledescription=\"slide\" aria-label=\"1 of 5\"><figure class=\"swiper-slide-inner\"><img decoding=\"async\" class=\"swiper-slide-image\" src=\"https:\/\/choice2b.eu\/wp-content\/uploads\/2022\/07\/scan0027-150x150.jpeg\" alt=\"scan0027\" \/><\/figure><\/div><div class=\"swiper-slide\" role=\"group\" aria-roledescription=\"slide\" aria-label=\"2 of 5\"><figure class=\"swiper-slide-inner\"><img decoding=\"async\" class=\"swiper-slide-image\" src=\"https:\/\/choice2b.eu\/wp-content\/uploads\/2024\/08\/IMG_1335-150x150.jpg\" alt=\"IMG_1335\" \/><\/figure><\/div><div class=\"swiper-slide\" role=\"group\" aria-roledescription=\"slide\" aria-label=\"3 of 5\"><figure class=\"swiper-slide-inner\"><img decoding=\"async\" class=\"swiper-slide-image\" src=\"https:\/\/choice2b.eu\/wp-content\/uploads\/2024\/08\/PDCQ8820-150x150.jpg\" alt=\"PDCQ8820\" \/><\/figure><\/div><div class=\"swiper-slide\" role=\"group\" aria-roledescription=\"slide\" aria-label=\"4 of 5\"><figure class=\"swiper-slide-inner\"><img decoding=\"async\" class=\"swiper-slide-image\" src=\"https:\/\/choice2b.eu\/wp-content\/uploads\/2024\/08\/IMG_8074-150x150.jpg\" alt=\"IMG_8074\" \/><\/figure><\/div><div class=\"swiper-slide\" role=\"group\" aria-roledescription=\"slide\" aria-label=\"5 of 5\"><figure class=\"swiper-slide-inner\"><img decoding=\"async\" class=\"swiper-slide-image\" src=\"https:\/\/choice2b.eu\/wp-content\/uploads\/2024\/08\/IMG_2352-150x150.jpg\" alt=\"IMG_2352\" \/><\/figure><\/div>\t\t\t<\/div>\n\t\t\t\t\t\t\t\t\t\t\t\t<div class=\"elementor-swiper-button elementor-swiper-button-prev\" role=\"button\" tabindex=\"0\">\n\t\t\t\t\t\t<i aria-hidden=\"true\" class=\"eicon-chevron-left\"><\/i>\t\t\t\t\t<\/div>\n\t\t\t\t\t<div class=\"elementor-swiper-button elementor-swiper-button-next\" role=\"button\" tabindex=\"0\">\n\t\t\t\t\t\t<i aria-hidden=\"true\" class=\"eicon-chevron-right\"><\/i>\t\t\t\t\t<\/div>\n\t\t\t\t\n\t\t\t\t\t\t\t\t\t<div class=\"swiper-pagination\"><\/div>\n\t\t\t\t\t\t\t\t\t<\/div>\n\t\t\t\t\t\t<\/div>\n\t\t\t\t<\/div>\n\t\t\t\t<div class=\"elementor-element elementor-element-f593668 elementor-widget elementor-widget-heading\" data-id=\"f593668\" data-element_type=\"widget\" data-e-type=\"widget\" data-widget_type=\"heading.default\">\n\t\t\t\t<div class=\"elementor-widget-container\">\n\t\t\t\t\t<h2 class=\"elementor-heading-title elementor-size-default\">Wie ich wurde, wer ich bin<\/h2>\t\t\t\t<\/div>\n\t\t\t\t<\/div>\n\t\t\t\t<div class=\"elementor-element elementor-element-7529569 elementor-widget elementor-widget-text-editor\" data-id=\"7529569\" data-element_type=\"widget\" data-e-type=\"widget\" data-widget_type=\"text-editor.default\">\n\t\t\t\t<div class=\"elementor-widget-container\">\n\t\t\t\t\t\t\t\t\t<p>Private Einblicke:<\/p><p>Meine Reise als Coach begann im Alter von 12 Jahren, als mein Vater sich einer komplizierten Operation unterzog, die dazu f\u00fchrte, dass ich mich vernachl\u00e4ssigt f\u00fchlte und meiner Familie nicht vertrauen konnte. Um Aufmerksamkeit zu erlangen, wurde ich immer aggressiver, aber die negative Sichtweise der Gesellschaft auf mein Verhalten gab mir das Gef\u00fchl, ausgeschlossen und falsch zu sein. Dies f\u00fchrte dazu, dass ich mich depersonalisierte und zu einem funktionierenden Roboter wurde, der den Sinn seines Lebens in Frage stellte.<\/p><p>Alles \u00e4nderte sich jedoch, als mein Ethiklehrer bemerkte, dass ich in den letzten zwei Wochen mit gesenktem Kopf herumgelaufen war: \u201eDein Achselzucken sagt mir, dass du genau wei\u00dft, was los ist, es aber nicht sagen willst\u201c. Trotz meines Widerwillens, mich zu \u00f6ffnen, war er in der Lage, meine K\u00f6rpersprache zu lesen und ermutigte mich, meine Gedanken mitzuteilen. Von diesem Moment an wurde ich mir der Bedeutung der K\u00f6rpersprache bewusster und begann, die wahren Absichten hinter den Handlungen der Menschen zu verstehen. Indem ich ihre K\u00f6rpersprache las, begann ich, ihre Gedanken zu verstehen.<\/p><p>Ich begann, Menschen zu helfen, die mit Selbstzweifeln, Demotivation und Desintegration zu k\u00e4mpfen hatten, und fand einen Sinn darin, ihr pers\u00f6nliches Wachstum zu unterst\u00fctzen. Dabei wurde ich immer selbstloser, und mein Wunsch, anderen zu helfen, wurde w\u00e4hrend meines Studiums noch st\u00e4rker, als ich eine Partnerin kennenlernte, die an einer Borderline-Pers\u00f6nlichkeitsst\u00f6rung litt.<\/p><p>Die Beziehung brachte mich an den Rand der Verzweiflung, und ich wandte mich an meine Mutter: \u201eDu kannst mich abholen, ich habe alles verloren\u201c. Aber mit ihrer und professioneller Hilfe beschloss ich, zu bleiben und mich von Grund auf neu aufzubauen. Der einfache Akt, wieder regelm\u00e4\u00dfig zu essen, war der erste Schritt, mein eigenes \u00dcberleben in den Vordergrund zu stellen.<\/p><p>Im Laufe der Jahre habe ich unerm\u00fcdlich daran gearbeitet, meine pers\u00f6nliche und berufliche Entwicklung zu f\u00f6rdern, sowohl ehrenamtlich als auch beruflich. Ich habe in Europa Wirtschaft, Politik und Kulturwissenschaften studiert, um ein besseres Gesamtverst\u00e4ndnis der Gesellschaft zu erlangen, und ich habe in verschiedenen L\u00e4ndern gelebt, um meine interkulturellen Kompetenzen zu verbessern.<\/p><p>Durch all das habe ich gelernt, dass ich nicht nur f\u00fcr andere leben kann und dass ich mein eigenes Wohlbefinden in den Vordergrund stellen muss. Vor diesem Hintergrund habe ich Choice2b gegr\u00fcndet, eine Organisation, die sich darauf konzentriert, Menschen dabei zu helfen, ihre individuellen Ziele und W\u00fcnsche zu erkennen und zu verfolgen. Meine Reise war eine Reise des pers\u00f6nlichen Wachstums, der Selbstentdeckung und der Erkenntnis, dass wahre Erf\u00fcllung darin liegt, anderen zu helfen, ohne dabei die eigenen Bed\u00fcrfnisse zu vernachl\u00e4ssigen.<br \/>Mit meinem st\u00e4ndigen Interesse an Wissen, Methoden und Ideen zur Steigerung der Lebensqualit\u00e4t lade ich dich ein, dich mit jeder problematischen Situation, die du hast, an mich zu wenden, um herauszufinden, wie wir das Beste daraus machen k\u00f6nnen!<\/p>\t\t\t\t\t\t\t\t<\/div>\n\t\t\t\t<\/div>\n\t\t\t\t<div class=\"elementor-element elementor-element-0f359ff elementor-align-center elementor-widget elementor-widget-button\" data-id=\"0f359ff\" data-element_type=\"widget\" data-e-type=\"widget\" data-widget_type=\"button.default\">\n\t\t\t\t<div class=\"elementor-widget-container\">\n\t\t\t\t\t\t\t\t\t<div class=\"elementor-button-wrapper\">\n\t\t\t\t\t<a class=\"elementor-button elementor-button-link elementor-size-sm\" href=\"https:\/\/choice2b.eu\/de\/contact\/\">\n\t\t\t\t\t\t<span class=\"elementor-button-content-wrapper\">\n\t\t\t\t\t\t\t\t\t<span class=\"elementor-button-text\">Kontaktiere mich!<\/span>\n\t\t\t\t\t<\/span>\n\t\t\t\t\t<\/a>\n\t\t\t\t<\/div>\n\t\t\t\t\t\t\t\t<\/div>\n\t\t\t\t<\/div>\n\t\t\t\t\t<\/div>\n\t\t<\/div>\n\t\t\t\t\t<\/div>\n\t\t<\/section>\n\t\t\t\t<section class=\"elementor-section elementor-inner-section elementor-element elementor-element-f3d832a elementor-section-boxed elementor-section-height-default elementor-section-height-default\" data-id=\"f3d832a\" data-element_type=\"section\" data-e-type=\"section\">\n\t\t\t\t\t\t<div class=\"elementor-container elementor-column-gap-default\">\n\t\t\t\t\t<div class=\"elementor-column elementor-col-100 elementor-inner-column elementor-element elementor-element-98da98f\" data-id=\"98da98f\" data-element_type=\"column\" data-e-type=\"column\">\n\t\t\t<div class=\"elementor-widget-wrap elementor-element-populated\">\n\t\t\t\t\t\t<div class=\"elementor-element elementor-element-16074da elementor-widget elementor-widget-heading\" data-id=\"16074da\" data-element_type=\"widget\" data-e-type=\"widget\" data-widget_type=\"heading.default\">\n\t\t\t\t<div class=\"elementor-widget-container\">\n\t\t\t\t\t<h2 class=\"elementor-heading-title elementor-size-default\">Allgemeine Themen, mit denen ich arbeite<\/h2>\t\t\t\t<\/div>\n\t\t\t\t<\/div>\n\t\t\t\t<div class=\"elementor-element elementor-element-ff02504 elementor-widget elementor-widget-text-editor\" data-id=\"ff02504\" data-element_type=\"widget\" data-e-type=\"widget\" data-widget_type=\"text-editor.default\">\n\t\t\t\t<div class=\"elementor-widget-container\">\n\t\t\t\t\t\t\t\t\t<p class=\" translation-block\">Steigerung der <strong>Selbstkenntnis<\/strong> zur Entfaltung der Potenziale.<br>Verbesserung des <strong>Selbstbewusstseins<\/strong> f\u00fcr eine st\u00e4rkere Position im Leben.<br><strong>Selbstverwirklichung<\/strong> durch das Finden und Verfolgen des Lebenssinns erreichen.<br>Nutzung der <strong>Spiritualit\u00e4t<\/strong> ohne Realit\u00e4tsverlust.<br>Unterst\u00fctzung bei der <strong>Teambildung<\/strong> zur Steigerung von Zusammenarbeit, Effektivit\u00e4t und Motivation.<br>Ausgefeilte <strong>Teamf\u00fchrung<\/strong> f\u00fcr die Kombination von Zahlen und Menschen.<\/p><p class=\" translation-block\"><span style=\"text-decoration: underline\">Softskill entwicklung inkulsive<\/span>:<br>Zielsetzung &amp; -Erreichung<br>Kommunikation<br>Interkulturelle Kompetenzen<br>Stress management<\/p><p class=\" translation-block\"><span style=\"text-decoration: underline\">Zus\u00e4tzliche Themen\u2013 <strong>Ich bin ein Coach, kein Therapeut<\/strong>:<\/span><br>Hochsensibilit\u00e4t &amp; hohes Reizbed\u00fcrfnis<br>Depression<\/p>\t\t\t\t\t\t\t\t<\/div>\n\t\t\t\t<\/div>\n\t\t\t\t<div class=\"elementor-element elementor-element-1818836 elementor-align-center elementor-widget elementor-widget-button\" data-id=\"1818836\" data-element_type=\"widget\" data-e-type=\"widget\" data-widget_type=\"button.default\">\n\t\t\t\t<div class=\"elementor-widget-container\">\n\t\t\t\t\t\t\t\t\t<div class=\"elementor-button-wrapper\">\n\t\t\t\t\t<a class=\"elementor-button elementor-button-link elementor-size-sm\" href=\"https:\/\/choice2b.eu\/de\/contact\/\">\n\t\t\t\t\t\t<span class=\"elementor-button-content-wrapper\">\n\t\t\t\t\t\t\t\t\t<span class=\"elementor-button-text\">Tritt in Kontakt!<\/span>\n\t\t\t\t\t<\/span>\n\t\t\t\t\t<\/a>\n\t\t\t\t<\/div>\n\t\t\t\t\t\t\t\t<\/div>\n\t\t\t\t<\/div>\n\t\t\t\t\t<\/div>\n\t\t<\/div>\n\t\t\t\t\t<\/div>\n\t\t<\/section>\n\t\t\t\t<section class=\"elementor-section elementor-inner-section elementor-element elementor-element-7aaba18 elementor-section-boxed elementor-section-height-default elementor-section-height-default\" data-id=\"7aaba18\" data-element_type=\"section\" data-e-type=\"section\">\n\t\t\t\t\t\t<div class=\"elementor-container elementor-column-gap-default\">\n\t\t\t\t\t<div class=\"elementor-column elementor-col-100 elementor-inner-column elementor-element elementor-element-3fd7b0d\" data-id=\"3fd7b0d\" data-element_type=\"column\" data-e-type=\"column\">\n\t\t\t<div class=\"elementor-widget-wrap elementor-element-populated\">\n\t\t\t\t\t\t<div class=\"elementor-element elementor-element-156d6a5 elementor-widget elementor-widget-heading\" data-id=\"156d6a5\" data-element_type=\"widget\" data-e-type=\"widget\" data-widget_type=\"heading.default\">\n\t\t\t\t<div class=\"elementor-widget-container\">\n\t\t\t\t\t<h2 class=\"elementor-heading-title elementor-size-default\">Derzeit im Fokus<\/h2>\t\t\t\t<\/div>\n\t\t\t\t<\/div>\n\t\t\t\t<div class=\"elementor-element elementor-element-73935f6 elementor-widget elementor-widget-text-editor\" data-id=\"73935f6\" data-element_type=\"widget\" data-e-type=\"widget\" data-widget_type=\"text-editor.default\">\n\t\t\t\t<div class=\"elementor-widget-container\">\n\t\t\t\t\t\t\t\t\t<p class=\" translation-block\">In diesem Jahr wurde ich ADS zertifiziert.<br>Wenn ich auf mein Leben zur\u00fcckblicke, ist das keine \u00dcberraschung. Es erkl\u00e4rt meine verschiedenen Interessen und die vielen Ver\u00e4nderungen, von denen mein Leben gepr\u00e4gt ist. Ich freue mich \u00fcber die aktuelle Entwicklung in der Wissenschaft, ADHS nicht mehr als Krankheit, sondern als eine Notwendigkeit der Evolution zu betrachten. Denn mein ADS ist keine Last. Es ist ein Segen, der mir hilft, Gef\u00fchle aus Gesichtsfalten zu erkennen, der mir die Vergangenheit zwischen den Zeilen der Sprache erz\u00e4hlt und mir zeigt, wie die wirtschaftliche Situation und die politischen Ver\u00e4nderungen uns dahin gebracht haben, wo wir heute stehen. Wenn du willst, setze ich meine Superkraft gerne ein und schaue, wie ich dich unterst\u00fctzen kann!<\/p>\t\t\t\t\t\t\t\t<\/div>\n\t\t\t\t<\/div>\n\t\t\t\t<div class=\"elementor-element elementor-element-f492084 elementor-align-center elementor-widget elementor-widget-button\" data-id=\"f492084\" data-element_type=\"widget\" data-e-type=\"widget\" data-widget_type=\"button.default\">\n\t\t\t\t<div class=\"elementor-widget-container\">\n\t\t\t\t\t\t\t\t\t<div class=\"elementor-button-wrapper\">\n\t\t\t\t\t<a class=\"elementor-button elementor-button-link elementor-size-sm\" href=\"https:\/\/choice2b.eu\/de\/contact\/\">\n\t\t\t\t\t\t<span class=\"elementor-button-content-wrapper\">\n\t\t\t\t\t\t\t\t\t<span class=\"elementor-button-text\">Schreib' mir!<\/span>\n\t\t\t\t\t<\/span>\n\t\t\t\t\t<\/a>\n\t\t\t\t<\/div>\n\t\t\t\t\t\t\t\t<\/div>\n\t\t\t\t<\/div>\n\t\t\t\t\t<\/div>\n\t\t<\/div>\n\t\t\t\t\t<\/div>\n\t\t<\/section>\n\t\t\t\t<section class=\"elementor-section elementor-inner-section elementor-element elementor-element-54eda29 elementor-section-boxed elementor-section-height-default elementor-section-height-default\" data-id=\"54eda29\" data-element_type=\"section\" data-e-type=\"section\">\n\t\t\t\t\t\t<div class=\"elementor-container elementor-column-gap-default\">\n\t\t\t\t\t<div class=\"elementor-column elementor-col-100 elementor-inner-column elementor-element elementor-element-c774373\" data-id=\"c774373\" data-element_type=\"column\" data-e-type=\"column\">\n\t\t\t<div class=\"elementor-widget-wrap elementor-element-populated\">\n\t\t\t\t\t\t<div class=\"elementor-element elementor-element-24f8696 elementor-widget elementor-widget-heading\" data-id=\"24f8696\" data-element_type=\"widget\" data-e-type=\"widget\" data-widget_type=\"heading.default\">\n\t\t\t\t<div class=\"elementor-widget-container\">\n\t\t\t\t\t<h2 class=\"elementor-heading-title elementor-size-default\">Projekte, an denen ich gern mitgewirkt habe<\/h2>\t\t\t\t<\/div>\n\t\t\t\t<\/div>\n\t\t\t\t<div class=\"elementor-element elementor-element-9eb6fb3 elementor-widget elementor-widget-text-editor\" data-id=\"9eb6fb3\" data-element_type=\"widget\" data-e-type=\"widget\" data-widget_type=\"text-editor.default\">\n\t\t\t\t<div class=\"elementor-widget-container\">\n\t\t\t\t\t\t\t\t\t<ul><li>Schon in der Schule begann ich, als Klassensprecher Verantwortung zu \u00fcbernehmen und unser Bildungssystem mitzugestalten.<\/li><li>Meine n\u00e4chsten Schritte an der Universit\u00e4t waren mit verschiedenen F\u00fchrungspositionen in einer Studentenorganisation namens AIESEC verbunden, die sich um die Verbesserung von F\u00fchrungsqualit\u00e4ten und interkulturellen Kompetenzen bem\u00fcht.<\/li><li>In diese Zeit f\u00e4llt auch die Teilnahme an einem Train the Trainer- und advanced Trainer Seminar: Meine Karriere als Trainer, Moderator und Coach hat begonnen.<\/li><li>Ich leitete das Mentorenprogramm f\u00fcr internationale Studierende in Magdeburg.<\/li><li>Ich lebte 2 Monate in \u00c4thiopien und gab Seminare, um die Studenten auf den globalen Markt vorzubereiten.<\/li><li>Ein halbes Jahr lang sammelte ich Erfahrungen in Russland, unter anderem als Referent auf einer Recyclingkonferenz an der Universit\u00e4t in Nischni Nowgorod.<\/li><li>Mit meinen internationalen Erfahrungen wurde ich als Referent f\u00fcr ein \u201eIndustrie 4.0\u201c-Stadtprojekt in Magdeburg eingeladen.<\/li><li>Ein Jahr lang habe ich als Learing &amp; development Specialist  in Portugal gearbeitet und Schulungen f\u00fcr \u00fcber 2000 Mitarbeiter geplant und durchgef\u00fchrt.<\/li><li>Seit 2022 bin ich zur\u00fcck in Deutschland, habe mich niedergelassen, fokussiere mich und wachse nach wie vor.<\/li><\/ul>\t\t\t\t\t\t\t\t<\/div>\n\t\t\t\t<\/div>\n\t\t\t\t<div class=\"elementor-element elementor-element-7d15bb3 elementor-align-center elementor-widget elementor-widget-button\" data-id=\"7d15bb3\" data-element_type=\"widget\" data-e-type=\"widget\" data-widget_type=\"button.default\">\n\t\t\t\t<div class=\"elementor-widget-container\">\n\t\t\t\t\t\t\t\t\t<div class=\"elementor-button-wrapper\">\n\t\t\t\t\t<a class=\"elementor-button elementor-button-link elementor-size-sm\" href=\"https:\/\/choice2b.eu\/de\/contact\/\">\n\t\t\t\t\t\t<span class=\"elementor-button-content-wrapper\">\n\t\t\t\t\t\t\t\t\t<span class=\"elementor-button-text\">Tritt in Verbindung!<\/span>\n\t\t\t\t\t<\/span>\n\t\t\t\t\t<\/a>\n\t\t\t\t<\/div>\n\t\t\t\t\t\t\t\t<\/div>\n\t\t\t\t<\/div>\n\t\t\t\t\t<\/div>\n\t\t<\/div>\n\t\t\t\t\t<\/div>\n\t\t<\/section>\n\t\t\t\t\t<\/div>\n\t\t<\/div>\n\t\t\t\t\t<\/div>\n\t\t<\/section>\n\t\t\t\t<section class=\"elementor-section elementor-top-section elementor-element elementor-element-9191e08 elementor-section-boxed elementor-section-height-default elementor-section-height-default\" data-id=\"9191e08\" data-element_type=\"section\" data-e-type=\"section\" data-settings=\"{&quot;background_background&quot;:&quot;classic&quot;}\">\n\t\t\t\t\t\t<div class=\"elementor-container elementor-column-gap-default\">\n\t\t\t\t\t<div class=\"elementor-column elementor-col-100 elementor-top-column elementor-element elementor-element-ea23685\" data-id=\"ea23685\" data-element_type=\"column\" data-e-type=\"column\">\n\t\t\t<div class=\"elementor-widget-wrap elementor-element-populated\">\n\t\t\t\t\t\t<div class=\"elementor-element elementor-element-fdd002a elementor-widget elementor-widget-image\" data-id=\"fdd002a\" data-element_type=\"widget\" data-e-type=\"widget\" data-widget_type=\"image.default\">\n\t\t\t\t<div class=\"elementor-widget-container\">\n\t\t\t\t\t\t\t\t\t\t\t\t\t\t\t<img decoding=\"async\" width=\"46\" height=\"38\" src=\"https:\/\/choice2b.eu\/wp-content\/uploads\/2021\/11\/quotes.svg\" class=\"attachment-full size-full wp-image-117\" alt=\"\" \/>\t\t\t\t\t\t\t\t\t\t\t\t\t\t\t<\/div>\n\t\t\t\t<\/div>\n\t\t\t\t<div class=\"elementor-element elementor-element-e743672 elementor-widget elementor-widget-heading\" data-id=\"e743672\" data-element_type=\"widget\" data-e-type=\"widget\" data-widget_type=\"heading.default\">\n\t\t\t\t<div class=\"elementor-widget-container\">\n\t\t\t\t\t<h4 class=\"elementor-heading-title elementor-size-default\">\"Die Arbeit mit Moritz war so aufschlussreich, erfrischend, wohltuend und inspirierend, ohne dass sich jemand unter Druck gesetzt oder belastet f\u00fchlte, sondern er vermittelte vielmehr, dass man das Leben genie\u00dfen sollte und dass es ein Geschenk ist, das man als wertvoll erachten sollte. Die Chance zu haben, Zeit mit einem Menschen mit dieser Art von Pers\u00f6nlichkeit zu verbringen und dann von ihm zu lernen, ist so erhellend und ermutigend, ein besserer Mensch zu werden, unsere Ziele im Leben zu verstehen und zu wissen, wie wir alle dazu beitragen k\u00f6nnen, eine bessere Welt f\u00fcr alle zu schaffen.\"<\/h4>\t\t\t\t<\/div>\n\t\t\t\t<\/div>\n\t\t\t\t<div class=\"elementor-element elementor-element-b5c6811 elementor-widget elementor-widget-image\" data-id=\"b5c6811\" data-element_type=\"widget\" data-e-type=\"widget\" data-widget_type=\"image.default\">\n\t\t\t\t<div class=\"elementor-widget-container\">\n\t\t\t\t\t\t\t\t\t\t\t\t\t\t\t<img decoding=\"async\" width=\"128\" height=\"128\" src=\"https:\/\/choice2b.eu\/wp-content\/uploads\/2021\/11\/avatar_on_about.png\" class=\"attachment-full size-full wp-image-925\" alt=\"\" srcset=\"https:\/\/choice2b.eu\/wp-content\/uploads\/2021\/11\/avatar_on_about.png 128w, https:\/\/choice2b.eu\/wp-content\/uploads\/2021\/11\/avatar_on_about-100x100.png 100w\" sizes=\"(max-width: 128px) 100vw, 128px\" \/>\t\t\t\t\t\t\t\t\t\t\t\t\t\t\t<\/div>\n\t\t\t\t<\/div>\n\t\t\t\t<div class=\"elementor-element elementor-element-41f9e94 elementor-widget elementor-widget-text-editor\" data-id=\"41f9e94\" data-element_type=\"widget\" data-e-type=\"widget\" data-widget_type=\"text-editor.default\">\n\t\t\t\t<div class=\"elementor-widget-container\">\n\t\t\t\t\t\t\t\t\t<p>Fikir A.<\/p>\t\t\t\t\t\t\t\t<\/div>\n\t\t\t\t<\/div>\n\t\t\t\t<div class=\"elementor-element elementor-element-16e41a5 elementor-align-center elementor-widget elementor-widget-button\" data-id=\"16e41a5\" data-element_type=\"widget\" data-e-type=\"widget\" data-widget_type=\"button.default\">\n\t\t\t\t<div class=\"elementor-widget-container\">\n\t\t\t\t\t\t\t\t\t<div class=\"elementor-button-wrapper\">\n\t\t\t\t\t<a class=\"elementor-button elementor-button-link elementor-size-sm\" href=\"https:\/\/choice2b.eu\/de\/contact\/\">\n\t\t\t\t\t\t<span class=\"elementor-button-content-wrapper\">\n\t\t\t\t\t\t\t\t\t<span class=\"elementor-button-text\">Arbeite mit Moritz!<\/span>\n\t\t\t\t\t<\/span>\n\t\t\t\t\t<\/a>\n\t\t\t\t<\/div>\n\t\t\t\t\t\t\t\t<\/div>\n\t\t\t\t<\/div>\n\t\t\t\t\t<\/div>\n\t\t<\/div>\n\t\t\t\t\t<\/div>\n\t\t<\/section>\n\t\t\t\t<\/div>","protected":false},"excerpt":{"rendered":"<p>About me I am Moritz and I&#8217;m here to explore! How I became who I am Private insights: My journey as a coach began at the age of 12, when my father underwent a complicated surgery that left me feeling neglected and unable to trust my family. In an attempt to seek attention, I became &hellip;<\/p>\n<p class=\"read-more\"> <a class=\"\" href=\"https:\/\/choice2b.eu\/de\/about\/\"> <span class=\"screen-reader-text\">\u00dcber mich<\/span> Weiterlesen &raquo;<\/a><\/p>","protected":false},"author":1,"featured_media":0,"parent":0,"menu_order":0,"comment_status":"closed","ping_status":"closed","template":"","meta":{"site-sidebar-layout":"no-sidebar","site-content-layout":"page-builder","ast-global-header-display":"","ast-main-header-display":"","ast-hfb-above-header-display":"","ast-hfb-below-header-display":"","ast-hfb-mobile-header-display":"","site-post-title":"disabled","ast-breadcrumbs-content":"","ast-featured-img":"disabled","footer-sml-layout":"","theme-transparent-header-meta":"enabled","adv-header-id-meta":"","stick-header-meta":"","header-above-stick-meta":"","header-main-stick-meta":"","header-below-stick-meta":"","footnotes":""},"class_list":["post-1605","page","type-page","status-publish","hentry"],"_links":{"self":[{"href":"https:\/\/choice2b.eu\/de\/wp-json\/wp\/v2\/pages\/1605","targetHints":{"allow":["GET"]}}],"collection":[{"href":"https:\/\/choice2b.eu\/de\/wp-json\/wp\/v2\/pages"}],"about":[{"href":"https:\/\/choice2b.eu\/de\/wp-json\/wp\/v2\/types\/page"}],"author":[{"embeddable":true,"href":"https:\/\/choice2b.eu\/de\/wp-json\/wp\/v2\/users\/1"}],"replies":[{"embeddable":true,"href":"https:\/\/choice2b.eu\/de\/wp-json\/wp\/v2\/comments?post=1605"}],"version-history":[{"count":195,"href":"https:\/\/choice2b.eu\/de\/wp-json\/wp\/v2\/pages\/1605\/revisions"}],"predecessor-version":[{"id":2392,"href":"https:\/\/choice2b.eu\/de\/wp-json\/wp\/v2\/pages\/1605\/revisions\/2392"}],"wp:attachment":[{"href":"https:\/\/choice2b.eu\/de\/wp-json\/wp\/v2\/media?parent=1605"}],"curies":[{"name":"wp","href":"https:\/\/api.w.org\/{rel}","templated":true}]}}